{"id":4323,"date":"2018-05-09T16:56:07","date_gmt":"2018-05-09T14:56:07","guid":{"rendered":"https:\/\/www.planetsolar.swiss\/?page_id=4323"},"modified":"2025-04-12T11:59:40","modified_gmt":"2025-04-12T09:59:40","slug":"solar-power-station-in-saint-louis-with-raid-latecoere-2018","status":"publish","type":"page","link":"https:\/\/www.planetsolar.org\/en\/missions\/humanitarian\/solar-power-station-in-saint-louis-with-raid-latecoere-2018\/","title":{"rendered":"Solar power station in Saint-Louis with Raid Lat\u00e9co\u00e8re \u2013 2018"},"content":{"rendered":"<div id=\"pl-4323\"  class=\"panel-layout\" ><div id=\"pg-4323-0\"  class=\"panel-grid panel-has-style\" ><div class=\"fps-top-banner siteorigin-panels-stretch panel-row-style panel-row-style-for-4323-0\" data-stretch-type=\"full-width-stretch\" ><div id=\"pgc-4323-0-0\"  class=\"panel-grid-cell\" ><div id=\"panel-4323-0-0-0\" class=\"so-panel widget widget_sow-hero panel-first-child panel-last-child\" data-index=\"0\" ><div class=\"fps-top panel-widget-style panel-widget-style-for-4323-0-0-0\" ><div\n\t\t\t\n\t\t\tclass=\"so-widget-sow-hero so-widget-sow-hero-default-0e2938eb93d5-4323 so-widget-fittext-wrapper\"\n\t\t\t data-fit-text-compressor=\"0.75\"\n\t\t>\t\t\t\t<div class=\"sow-slider-base\" style=\"display: none\" tabindex=\"0\">\n\t\t\t\t\t<ul\n\t\t\t\t\tclass=\"sow-slider-images\"\n\t\t\t\t\tdata-settings=\"{&quot;pagination&quot;:true,&quot;speed&quot;:800,&quot;timeout&quot;:8000,&quot;paused&quot;:false,&quot;pause_on_hover&quot;:false,&quot;swipe&quot;:&quot;&quot;,&quot;nav_always_show_desktop&quot;:&quot;&quot;,&quot;nav_always_show_mobile&quot;:&quot;&quot;,&quot;breakpoint&quot;:&quot;780px&quot;,&quot;unmute&quot;:false,&quot;anchor&quot;:null}\"\n\t\t\t\t\tstyle=\"min-height: 881px\"\t\t\t\t\tdata-anchor-id=\"\"\n\t\t\t\t>\t\t<li class=\"sow-slider-image  sow-slider-image-cover\" style=\"visibility: visible;;background-color: #0073ab\" >\n\t\t\t\t\t<div class=\"sow-slider-image-container\">\n\t\t\t<div class=\"sow-slider-image-wrapper\">\n\t\t\t\t<h1>Solar power station in Saint-Louis<\/h1>\n<div class=\"fps-bottom-waves\">&nbsp;<\/div>\n\t\t\t<\/div>\n\t\t<\/div>\n\t\t<div class=\"sow-slider-image-overlay sow-slider-image-cover\" style=\"opacity: 0.83;background-image: url(https:\/\/www.planetsolar.org\/wp-content\/uploads\/2018\/10\/1000435-1-e1539197565502.jpg)\"  ><\/div>\t\t<\/li>\n\t\t<\/ul>\t\t\t\t<ol class=\"sow-slider-pagination\">\n\t\t\t\t\t\t\t\t\t\t\t<li><a href=\"#\" data-goto=\"0\" aria-label=\"Display slide 1\"><\/a><\/li>\n\t\t\t\t\t\t\t\t\t<\/ol>\n\n\t\t\t\t<div class=\"sow-slide-nav sow-slide-nav-next\">\n\t\t\t\t\t<a href=\"#\" data-goto=\"next\" aria-label=\"Next slide\" data-action=\"next\">\n\t\t\t\t\t\t<em class=\"sow-sld-icon-thin-right\"><\/em>\n\t\t\t\t\t<\/a>\n\t\t\t\t<\/div>\n\n\t\t\t\t<div class=\"sow-slide-nav sow-slide-nav-prev\">\n\t\t\t\t\t<a href=\"#\" data-goto=\"previous\" aria-label=\"Previous slide\" data-action=\"prev\">\n\t\t\t\t\t\t<em class=\"sow-sld-icon-thin-left\"><\/em>\n\t\t\t\t\t<\/a>\n\t\t\t\t<\/div>\n\t\t\t\t<\/div><\/div><\/div><\/div><\/div><\/div><\/div><div id=\"pg-4323-1\"  class=\"panel-grid panel-has-style\" ><div class=\"siteorigin-panels-stretch panel-row-style panel-row-style-for-4323-1\" id=\"start\" data-stretch-type=\"full\" ><div id=\"pgc-4323-1-0\"  class=\"panel-grid-cell panel-grid-cell-mobile-last\" ><div id=\"panel-4323-1-0-0\" class=\"so-panel widget widget_sow-headline panel-first-child panel-last-child\" data-index=\"1\" ><div class=\"panel-widget-style panel-widget-style-for-4323-1-0-0\" ><div\n\t\t\t\n\t\t\tclass=\"so-widget-sow-headline so-widget-sow-headline-default-7bc68d8e3e53-4323 so-widget-fittext-wrapper\"\n\t\t\t data-fit-text-compressor=\"0.85\"\n\t\t><div class=\"sow-headline-container \">\n\t\t\t\t\t\t\t<h2 class=\"sow-headline\">\n\t\t\t\t\t\tSolar power station in Saint-Louis with Raid Lat\u00e9co\u00e8re\t\t\t\t\t\t<\/h2>\n\t\t\t\t\t\t\t\t\t\t\t\t<p class=\"sow-sub-headline\">\n\t\t\t\t\t\tThe PlanetSolar Foundation, in partnership with the French company Lat\u00e9co\u00e8re and the Lat\u00e9co\u00e8re Raid, has taken a significant initiative by contributing to the installation of a solar power plant on the roof of the Amadou Sow Ndiaye High School in Saint-Louis, Senegal.\t\t\t\t\t\t<\/p>\n\t\t\t\t\t\t<\/div>\n<\/div><\/div><\/div><\/div><div id=\"pgc-4323-1-1\"  class=\"panel-grid-cell panel-grid-cell-empty\" ><\/div><\/div><\/div><div id=\"pg-4323-2\"  class=\"panel-grid panel-has-style\" ><div class=\"fps-bigger panel-row-style panel-row-style-for-4323-2\" ><div id=\"pgc-4323-2-0\"  class=\"panel-grid-cell\" ><div id=\"panel-4323-2-0-0\" class=\"so-panel widget widget_sow-editor panel-first-child panel-last-child\" data-index=\"2\" ><div\n\t\t\t\n\t\t\tclass=\"so-widget-sow-editor so-widget-sow-editor-base\"\n\t\t\t\n\t\t>\n<div class=\"siteorigin-widget-tinymce textwidget\">\n\t<p>This project aligns with a shared vision of promoting renewable energy and supporting local development through access to decarbonized and sustainable electricity. Thanks to this installation, the high school now benefits from a renewable energy source, fostering a more environmentally friendly learning environment and ensuring a stable power supply for its activities. This initiative highlights the importance of combining the promotion of solar energy with the education of young people in all regions of the world.<\/p>\n<\/div>\n<\/div><\/div><\/div><\/div><\/div><div id=\"pg-4323-3\"  class=\"panel-grid panel-has-style\" ><div class=\"fps-bigger siteorigin-panels-stretch panel-row-style panel-row-style-for-4323-3\" data-stretch-type=\"full-width-stretch\" ><div id=\"pgc-4323-3-0\"  class=\"panel-grid-cell\" ><div id=\"panel-4323-3-0-0\" class=\"so-panel widget widget_sow-image panel-first-child panel-last-child\" data-index=\"3\" ><div\n\t\t\t\n\t\t\tclass=\"so-widget-sow-image so-widget-sow-image-default-8b5b6f678277-4323\"\n\t\t\t data-overlay-enabled=\"1\" data-overlay-settings=\"{&quot;enabled_for_widgets&quot;:[&quot;sow-image&quot;,&quot;sow-image-grid&quot;,&quot;sow-simple-masonry&quot;],&quot;theme&quot;:&quot;&quot;,&quot;show_delay&quot;:300,&quot;overlay_color&quot;:&quot;#000000&quot;,&quot;overlay_opacity&quot;:0.8,&quot;overlay_position&quot;:&quot;bottom&quot;,&quot;overlay_size&quot;:0.3,&quot;desktop_show_trigger&quot;:&quot;hover&quot;,&quot;touch_show_trigger&quot;:&quot;touch&quot;,&quot;responsive_breakpoint&quot;:&quot;1024px&quot;,&quot;responsive_breakpoint_unit&quot;:&quot;px&quot;,&quot;overlay_animation&quot;:&quot;fade&quot;,&quot;overlay_animation_onscreen&quot;:false,&quot;font_family&quot;:&quot;&quot;,&quot;text_size&quot;:&quot;15px&quot;,&quot;text_size_unit&quot;:&quot;px&quot;,&quot;text_color&quot;:&quot;#fff&quot;,&quot;text_padding&quot;:&quot;22px 22px 22px 22px&quot;,&quot;text_position&quot;:&quot;middle&quot;,&quot;text_align&quot;:&quot;left&quot;,&quot;text_animation&quot;:&quot;&quot;}\"\n\t\t>\n<div class=\"sow-image-container\">\n\t\t<img \n\tsrc=\"https:\/\/www.planetsolar.org\/wp-content\/uploads\/2024\/08\/32fea195-370e-4a29-a7c6-49539c837a98.jpg\" width=\"1600\" height=\"1200\" srcset=\"https:\/\/www.planetsolar.org\/wp-content\/uploads\/2024\/08\/32fea195-370e-4a29-a7c6-49539c837a98.jpg 1600w, https:\/\/www.planetsolar.org\/wp-content\/uploads\/2024\/08\/32fea195-370e-4a29-a7c6-49539c837a98-300x225.jpg 300w, https:\/\/www.planetsolar.org\/wp-content\/uploads\/2024\/08\/32fea195-370e-4a29-a7c6-49539c837a98-1024x768.jpg 1024w, https:\/\/www.planetsolar.org\/wp-content\/uploads\/2024\/08\/32fea195-370e-4a29-a7c6-49539c837a98-768x576.jpg 768w, https:\/\/www.planetsolar.org\/wp-content\/uploads\/2024\/08\/32fea195-370e-4a29-a7c6-49539c837a98-1536x1152.jpg 1536w\" sizes=\"(max-width: 1600px) 100vw, 1600px\" alt=\"\" \t\tclass=\"so-widget-image\"\/>\n\t<\/div>\n\n<\/div><\/div><\/div><div id=\"pgc-4323-3-1\"  class=\"panel-grid-cell\" ><div id=\"panel-4323-3-1-0\" class=\"so-panel widget widget_sow-image panel-first-child panel-last-child\" data-index=\"4\" ><div\n\t\t\t\n\t\t\tclass=\"so-widget-sow-image so-widget-sow-image-default-8b5b6f678277-4323\"\n\t\t\t data-overlay-enabled=\"1\" data-overlay-settings=\"{&quot;enabled_for_widgets&quot;:[&quot;sow-image&quot;,&quot;sow-image-grid&quot;,&quot;sow-simple-masonry&quot;],&quot;theme&quot;:&quot;&quot;,&quot;show_delay&quot;:300,&quot;overlay_color&quot;:&quot;#000000&quot;,&quot;overlay_opacity&quot;:0.8,&quot;overlay_position&quot;:&quot;bottom&quot;,&quot;overlay_size&quot;:0.3,&quot;desktop_show_trigger&quot;:&quot;hover&quot;,&quot;touch_show_trigger&quot;:&quot;touch&quot;,&quot;responsive_breakpoint&quot;:&quot;1024px&quot;,&quot;responsive_breakpoint_unit&quot;:&quot;px&quot;,&quot;overlay_animation&quot;:&quot;fade&quot;,&quot;overlay_animation_onscreen&quot;:false,&quot;font_family&quot;:&quot;&quot;,&quot;text_size&quot;:&quot;15px&quot;,&quot;text_size_unit&quot;:&quot;px&quot;,&quot;text_color&quot;:&quot;#fff&quot;,&quot;text_padding&quot;:&quot;22px 22px 22px 22px&quot;,&quot;text_position&quot;:&quot;middle&quot;,&quot;text_align&quot;:&quot;left&quot;,&quot;text_animation&quot;:&quot;&quot;}\"\n\t\t>\n<div class=\"sow-image-container\">\n\t\t<img \n\tsrc=\"https:\/\/www.planetsolar.org\/wp-content\/uploads\/2024\/08\/39368ed0-e279-4572-9700-dbfa1b44daf8.jpg\" width=\"1600\" height=\"1200\" srcset=\"https:\/\/www.planetsolar.org\/wp-content\/uploads\/2024\/08\/39368ed0-e279-4572-9700-dbfa1b44daf8.jpg 1600w, https:\/\/www.planetsolar.org\/wp-content\/uploads\/2024\/08\/39368ed0-e279-4572-9700-dbfa1b44daf8-300x225.jpg 300w, https:\/\/www.planetsolar.org\/wp-content\/uploads\/2024\/08\/39368ed0-e279-4572-9700-dbfa1b44daf8-1024x768.jpg 1024w, https:\/\/www.planetsolar.org\/wp-content\/uploads\/2024\/08\/39368ed0-e279-4572-9700-dbfa1b44daf8-768x576.jpg 768w, https:\/\/www.planetsolar.org\/wp-content\/uploads\/2024\/08\/39368ed0-e279-4572-9700-dbfa1b44daf8-1536x1152.jpg 1536w\" sizes=\"(max-width: 1600px) 100vw, 1600px\" alt=\"\" \t\tclass=\"so-widget-image\"\/>\n\t<\/div>\n\n<\/div><\/div><\/div><div id=\"pgc-4323-3-2\"  class=\"panel-grid-cell\" ><div id=\"panel-4323-3-2-0\" class=\"so-panel widget widget_sow-image panel-first-child panel-last-child\" data-index=\"5\" ><div\n\t\t\t\n\t\t\tclass=\"so-widget-sow-image so-widget-sow-image-default-8b5b6f678277-4323\"\n\t\t\t data-overlay-enabled=\"1\" data-overlay-settings=\"{&quot;enabled_for_widgets&quot;:[&quot;sow-image&quot;,&quot;sow-image-grid&quot;,&quot;sow-simple-masonry&quot;],&quot;theme&quot;:&quot;&quot;,&quot;show_delay&quot;:300,&quot;overlay_color&quot;:&quot;#000000&quot;,&quot;overlay_opacity&quot;:0.8,&quot;overlay_position&quot;:&quot;bottom&quot;,&quot;overlay_size&quot;:0.3,&quot;desktop_show_trigger&quot;:&quot;hover&quot;,&quot;touch_show_trigger&quot;:&quot;touch&quot;,&quot;responsive_breakpoint&quot;:&quot;1024px&quot;,&quot;responsive_breakpoint_unit&quot;:&quot;px&quot;,&quot;overlay_animation&quot;:&quot;fade&quot;,&quot;overlay_animation_onscreen&quot;:false,&quot;font_family&quot;:&quot;&quot;,&quot;text_size&quot;:&quot;15px&quot;,&quot;text_size_unit&quot;:&quot;px&quot;,&quot;text_color&quot;:&quot;#fff&quot;,&quot;text_padding&quot;:&quot;22px 22px 22px 22px&quot;,&quot;text_position&quot;:&quot;middle&quot;,&quot;text_align&quot;:&quot;left&quot;,&quot;text_animation&quot;:&quot;&quot;}\"\n\t\t>\n<div class=\"sow-image-container\">\n\t\t<img \n\tsrc=\"https:\/\/www.planetsolar.org\/wp-content\/uploads\/2024\/08\/22d1d7af-83e6-45f0-a21d-a8449c3a7847.jpg\" width=\"1600\" height=\"1200\" srcset=\"https:\/\/www.planetsolar.org\/wp-content\/uploads\/2024\/08\/22d1d7af-83e6-45f0-a21d-a8449c3a7847.jpg 1600w, https:\/\/www.planetsolar.org\/wp-content\/uploads\/2024\/08\/22d1d7af-83e6-45f0-a21d-a8449c3a7847-300x225.jpg 300w, https:\/\/www.planetsolar.org\/wp-content\/uploads\/2024\/08\/22d1d7af-83e6-45f0-a21d-a8449c3a7847-1024x768.jpg 1024w, https:\/\/www.planetsolar.org\/wp-content\/uploads\/2024\/08\/22d1d7af-83e6-45f0-a21d-a8449c3a7847-768x576.jpg 768w, https:\/\/www.planetsolar.org\/wp-content\/uploads\/2024\/08\/22d1d7af-83e6-45f0-a21d-a8449c3a7847-1536x1152.jpg 1536w\" sizes=\"(max-width: 1600px) 100vw, 1600px\" alt=\"\" \t\tclass=\"so-widget-image\"\/>\n\t<\/div>\n\n<\/div><\/div><\/div><\/div><\/div><div id=\"pg-4323-4\"  class=\"panel-grid panel-has-style\" ><div class=\"fps-bigger panel-row-style panel-row-style-for-4323-4\" ><div id=\"pgc-4323-4-0\"  class=\"panel-grid-cell\" ><div id=\"panel-4323-4-0-0\" class=\"so-panel widget widget_sow-editor panel-first-child panel-last-child\" data-index=\"6\" ><div\n\t\t\t\n\t\t\tclass=\"so-widget-sow-editor so-widget-sow-editor-base\"\n\t\t\t\n\t\t>\n<div class=\"siteorigin-widget-tinymce textwidget\">\n\t<p><iframe loading=\"lazy\" title=\"T\u00e9l\u00e9matin du 13 octobre 2018 - Raid Lat\u00e9co\u00e8re avec Eric Loiseau et l\u2019\u00e9quipage SolarStratos\" src=\"https:\/\/player.vimeo.com\/video\/294940966?dnt=1&amp;app_id=122963\" width=\"1024\" height=\"576\" frameborder=\"0\" allow=\"autoplay; fullscreen; picture-in-picture; clipboard-write; encrypted-media\"><\/iframe><\/p>\n<\/div>\n<\/div><\/div><\/div><\/div><\/div><\/div>","protected":false},"excerpt":{"rendered":"<p>Solar power station in Saint-Louis &nbsp; Solar power station in Saint-Louis with Raid Lat\u00e9co\u00e8re The PlanetSolar Foundation, in partnership with the French company Lat\u00e9co\u00e8re and the Lat\u00e9co\u00e8re Raid, has taken a significant initiative by contributing to the installation of a solar power plant on the roof of the Amadou Sow Ndiaye High School in Saint-Louis, [&hellip;]<\/p>\n","protected":false},"author":1,"featured_media":0,"parent":139,"menu_order":0,"comment_status":"closed","ping_status":"closed","template":"","meta":{"_acf_changed":false,"footnotes":""},"class_list":["post-4323","page","type-page","status-publish","hentry","post"],"acf":[],"_links":{"self":[{"href":"https:\/\/www.planetsolar.org\/en\/wp-json\/wp\/v2\/pages\/4323","targetHints":{"allow":["GET"]}}],"collection":[{"href":"https:\/\/www.planetsolar.org\/en\/wp-json\/wp\/v2\/pages"}],"about":[{"href":"https:\/\/www.planetsolar.org\/en\/wp-json\/wp\/v2\/types\/page"}],"author":[{"embeddable":true,"href":"https:\/\/www.planetsolar.org\/en\/wp-json\/wp\/v2\/users\/1"}],"replies":[{"embeddable":true,"href":"https:\/\/www.planetsolar.org\/en\/wp-json\/wp\/v2\/comments?post=4323"}],"version-history":[{"count":8,"href":"https:\/\/www.planetsolar.org\/en\/wp-json\/wp\/v2\/pages\/4323\/revisions"}],"predecessor-version":[{"id":7374,"href":"https:\/\/www.planetsolar.org\/en\/wp-json\/wp\/v2\/pages\/4323\/revisions\/7374"}],"up":[{"embeddable":true,"href":"https:\/\/www.planetsolar.org\/en\/wp-json\/wp\/v2\/pages\/139"}],"wp:attachment":[{"href":"https:\/\/www.planetsolar.org\/en\/wp-json\/wp\/v2\/media?parent=4323"}],"curies":[{"name":"wp","href":"https:\/\/api.w.org\/{rel}","templated":true}]}}