{"id":8362,"date":"2026-03-13T10:30:10","date_gmt":"2026-03-13T09:30:10","guid":{"rendered":"https:\/\/www.planetsolar.org\/das-boot\/"},"modified":"2026-03-30T16:19:57","modified_gmt":"2026-03-30T14:19:57","slug":"das-boot","status":"publish","type":"page","link":"https:\/\/www.planetsolar.org\/de\/planetarische-premiere\/das-boot\/","title":{"rendered":"Das Boot"},"content":{"rendered":"<div id=\"pl-8362\"  class=\"panel-layout\" ><div id=\"pg-8362-0\"  class=\"panel-grid panel-has-style\" ><div class=\"fps-top-banner siteorigin-panels-stretch panel-row-style panel-row-style-for-8362-0\" data-stretch-type=\"full-width-stretch\" ><div id=\"pgc-8362-0-0\"  class=\"panel-grid-cell\" ><div id=\"panel-8362-0-0-0\" class=\"so-panel widget widget_sow-hero panel-first-child panel-last-child\" data-index=\"0\" ><div class=\"fps-top panel-widget-style panel-widget-style-for-8362-0-0-0\" ><div\n\t\t\t\n\t\t\tclass=\"so-widget-sow-hero so-widget-sow-hero-default-0e2938eb93d5-8362 so-widget-fittext-wrapper\"\n\t\t\t data-fit-text-compressor=\"0.75\"\n\t\t>\t\t\t\t<div class=\"sow-slider-base\" style=\"display: none\" tabindex=\"0\">\n\t\t\t\t\t<ul\n\t\t\t\t\tclass=\"sow-slider-images\"\n\t\t\t\t\tdata-settings=\"{&quot;pagination&quot;:true,&quot;speed&quot;:800,&quot;timeout&quot;:8000,&quot;paused&quot;:false,&quot;pause_on_hover&quot;:false,&quot;swipe&quot;:&quot;&quot;,&quot;nav_always_show_desktop&quot;:&quot;&quot;,&quot;nav_always_show_mobile&quot;:&quot;&quot;,&quot;breakpoint&quot;:&quot;780px&quot;,&quot;unmute&quot;:false,&quot;anchor&quot;:null}\"\n\t\t\t\t\tstyle=\"min-height: 881px\"\t\t\t\t\tdata-anchor-id=\"\"\n\t\t\t\t>\t\t<li class=\"sow-slider-image  sow-slider-image-cover\" style=\"visibility: visible;;background-color: #0073ab\" >\n\t\t\t\t\t<div class=\"sow-slider-image-container\">\n\t\t\t<div class=\"sow-slider-image-wrapper\">\n\t\t\t\t<h2>PlanetSolar:<br>das Boot<\/h2>\n<div class=\"fps-bottom-waves\">&nbsp;<\/div>\n\t\t\t<\/div>\n\t\t<\/div>\n\t\t<div class=\"sow-slider-image-overlay sow-slider-image-cover\" style=\"opacity: 0.83;background-image: url(https:\/\/www.planetsolar.org\/wp-content\/uploads\/2018\/04\/03.Sunset-in-the-Med-Christian-Ochsenbein.jpg)\"  ><\/div>\t\t<\/li>\n\t\t<\/ul>\t\t\t\t<ol class=\"sow-slider-pagination\">\n\t\t\t\t\t\t\t\t\t\t\t<li><a href=\"#\" data-goto=\"0\" aria-label=\"Display slide 1\"><\/a><\/li>\n\t\t\t\t\t\t\t\t\t<\/ol>\n\n\t\t\t\t<div class=\"sow-slide-nav sow-slide-nav-next\">\n\t\t\t\t\t<a href=\"#\" data-goto=\"next\" aria-label=\"Next slide\" data-action=\"next\">\n\t\t\t\t\t\t<em class=\"sow-sld-icon-thin-right\"><\/em>\n\t\t\t\t\t<\/a>\n\t\t\t\t<\/div>\n\n\t\t\t\t<div class=\"sow-slide-nav sow-slide-nav-prev\">\n\t\t\t\t\t<a href=\"#\" data-goto=\"previous\" aria-label=\"Previous slide\" data-action=\"prev\">\n\t\t\t\t\t\t<em class=\"sow-sld-icon-thin-left\"><\/em>\n\t\t\t\t\t<\/a>\n\t\t\t\t<\/div>\n\t\t\t\t<\/div><\/div><\/div><\/div><\/div><\/div><\/div><div id=\"pg-8362-1\"  class=\"panel-grid panel-has-style\" ><div id=\"contenu\" class=\"panel-row-style panel-row-style-for-8362-1\" ><div id=\"pgc-8362-1-0\"  class=\"panel-grid-cell\" ><div id=\"panel-8362-1-0-0\" class=\"so-panel widget widget_sow-editor panel-first-child panel-last-child\" data-index=\"1\" ><div class=\"fps-nav panel-widget-style panel-widget-style-for-8362-1-0-0\" ><div\n\t\t\t\n\t\t\tclass=\"so-widget-sow-editor so-widget-sow-editor-base\"\n\t\t\t\n\t\t>\n<div class=\"siteorigin-widget-tinymce textwidget\">\n\t<ul>\n<li><a href=\"https:\/\/www.planetsolar.org\/de\/planetarische-premiere\/#contenu\">Planetarische Premiere<\/a><\/li>\n<li>Das Boot<\/li>\n<li><a href=\"\/de\/planetarische-premiere\/das-team\/#contenu\">Das Team<\/a><\/li>\n<li><a href=\"\/de\/planetarische-premiere\/interaktive-karte\/#contenu\">Interaktive Karte<\/a><\/li>\n<li><a href=\"\/de\/planetarische-premiere\/logbuch\/#contenu\">Logbuch<\/a><\/li>\n<li><a href=\"\/de\/planetarische-premiere\/videos\/#contenu\">Videos<\/a><\/li>\n<li><a href=\"\/de\/planetarische-premiere\/medien\/#contenu\">Medien<\/a><\/li>\n<\/ul>\n<\/div>\n<\/div><\/div><\/div><\/div><\/div><\/div><div id=\"pg-8362-2\"  class=\"panel-grid panel-has-style\" ><div class=\"siteorigin-panels-stretch panel-row-style panel-row-style-for-8362-2\" id=\"start\" data-stretch-type=\"full\" ><div id=\"pgc-8362-2-0\"  class=\"panel-grid-cell panel-grid-cell-mobile-last\" ><div id=\"panel-8362-2-0-0\" class=\"so-panel widget widget_sow-headline panel-first-child panel-last-child\" data-index=\"2\" ><div class=\"panel-widget-style panel-widget-style-for-8362-2-0-0\" ><div\n\t\t\t\n\t\t\tclass=\"so-widget-sow-headline so-widget-sow-headline-default-7bc68d8e3e53-8362 so-widget-fittext-wrapper\"\n\t\t\t data-fit-text-compressor=\"0.85\"\n\t\t><div class=\"sow-headline-container \">\n\t\t\t\t\t\t\t<h2 class=\"sow-headline\">\n\t\t\t\t\t\tKonstruktion\t\t\t\t\t\t<\/h2>\n\t\t\t\t\t\t\t\t\t\t\t\t<p class=\"sow-sub-headline\">\n\t\t\t\t\t\t<strong>PlanetSolar<\/strong>, entworfen vom neuseel\u00e4ndischen Schiffsarchitekten Craig Loomes und finanziert vom deutschen Unternehmen Immo Str\u00f6her, wurde 2008 in Kiel von der Werft Knierim Yachtbau in Bau genommen. PlanetSolar nimmt Gestalt an und wird zu einem riesigen Katamaran, dem gr\u00f6ssten, der jemals weltweit gebaut wurde. \t\t\t\t\t\t<\/p>\n\t\t\t\t\t\t<\/div>\n<\/div><\/div><\/div><\/div><div id=\"pgc-8362-2-1\"  class=\"panel-grid-cell panel-grid-cell-empty\" ><\/div><\/div><\/div><div id=\"pg-8362-3\"  class=\"panel-grid panel-has-style\" ><div class=\"fps-bigger panel-row-style panel-row-style-for-8362-3\" ><div id=\"pgc-8362-3-0\"  class=\"panel-grid-cell\" ><div id=\"panel-8362-3-0-0\" class=\"so-panel widget widget_sow-editor panel-first-child\" data-index=\"3\" ><div\n\t\t\t\n\t\t\tclass=\"so-widget-sow-editor so-widget-sow-editor-base\"\n\t\t\t\n\t\t>\n<div class=\"siteorigin-widget-tinymce textwidget\">\n\t<p>Das gigantische Solarboot sieht zwar futuristisch aus, ist jedoch vollst\u00e4ndig mit der aktuellen Technologie konzipiert und ausgestattet. Rapha\u00ebl Domjan lag es n\u00e4mlich sehr am Herzen zu beweisen, dass es Technologien gibt, mit denen sich mit Solarenergie Grosses erreichen l\u00e4sst, und dass deren Potenzial bereits immens ist. Alle Materialien, Elemente und Instrumente von PlanetSolar sind auf dem Markt erh\u00e4ltlich.  <\/p>\n<\/div>\n<\/div><\/div><div id=\"panel-8362-3-0-1\" class=\"so-panel widget widget_sow-editor panel-last-child\" data-index=\"4\" ><div\n\t\t\t\n\t\t\tclass=\"so-widget-sow-editor so-widget-sow-editor-base\"\n\t\t\t\n\t\t>\n<div class=\"siteorigin-widget-tinymce textwidget\">\n\t<p>Am 25. Februar 2010 wird PlanetSolar in Kiel vor mehr als 200 G\u00e4sten vorgestellt. Kurz darauf, am 31. M\u00e4rz, geht der gr\u00f6sste Katamaran der Welt im Kieler Hafen zum ersten Mal zu Wasser, begleitet von der unverhohlenen Begeisterung des Teams, das diesen Moment m\u00f6glich gemacht hat. Nach den Testphasen wird er ins Mittelmeer \u00fcberf\u00fchrt, bereit f\u00fcr sein Abenteuer, die Weltumsegelung.  <\/p>\n<\/div>\n<\/div><\/div><\/div><div id=\"pgc-8362-3-1\"  class=\"panel-grid-cell\" ><div id=\"panel-8362-3-1-0\" class=\"so-panel widget widget_sow-image panel-first-child panel-last-child\" data-index=\"5\" ><div class=\"animate-69f3b1b9f0fe5443038972 panels-animation-hide panel-widget-style panel-widget-style-for-8362-3-1-0\" data-so-animation=\"{&quot;selector&quot;:&quot;.animate-69f3b1b9f0fe5443038972&quot;,&quot;animation&quot;:&quot;bounceInRight&quot;,&quot;breakpoint&quot;:&quot;780px&quot;,&quot;duration&quot;:1,&quot;repeat&quot;:0,&quot;hide&quot;:1,&quot;disableAnimationMobile&quot;:0,&quot;finalState&quot;:&quot;visible&quot;,&quot;delay&quot;:0,&quot;debounce&quot;:0.1,&quot;event&quot;:&quot;enter&quot;,&quot;offset&quot;:0}\" ><div\n\t\t\t\n\t\t\tclass=\"so-widget-sow-image so-widget-sow-image-default-8b5b6f678277-8362\"\n\t\t\t data-overlay-enabled=\"1\" data-overlay-settings=\"{&quot;enabled_for_widgets&quot;:[&quot;sow-image&quot;,&quot;sow-image-grid&quot;,&quot;sow-simple-masonry&quot;],&quot;theme&quot;:&quot;&quot;,&quot;show_delay&quot;:300,&quot;overlay_color&quot;:&quot;#000000&quot;,&quot;overlay_opacity&quot;:0.8,&quot;overlay_position&quot;:&quot;bottom&quot;,&quot;overlay_size&quot;:0.3,&quot;desktop_show_trigger&quot;:&quot;hover&quot;,&quot;touch_show_trigger&quot;:&quot;touch&quot;,&quot;responsive_breakpoint&quot;:&quot;1024px&quot;,&quot;responsive_breakpoint_unit&quot;:&quot;px&quot;,&quot;overlay_animation&quot;:&quot;fade&quot;,&quot;overlay_animation_onscreen&quot;:false,&quot;font_family&quot;:&quot;&quot;,&quot;text_size&quot;:&quot;15px&quot;,&quot;text_size_unit&quot;:&quot;px&quot;,&quot;text_color&quot;:&quot;#fff&quot;,&quot;text_padding&quot;:&quot;22px 22px 22px 22px&quot;,&quot;text_position&quot;:&quot;middle&quot;,&quot;text_align&quot;:&quot;left&quot;,&quot;text_animation&quot;:&quot;&quot;}\"\n\t\t>\n<div class=\"sow-image-container\">\n\t\t<img \n\tsrc=\"https:\/\/www.planetsolar.org\/wp-content\/uploads\/2025\/02\/planetsolar-reworked.png\" width=\"1920\" height=\"1476\" srcset=\"https:\/\/www.planetsolar.org\/wp-content\/uploads\/2025\/02\/planetsolar-reworked.png 1920w, https:\/\/www.planetsolar.org\/wp-content\/uploads\/2025\/02\/planetsolar-reworked-300x231.png 300w, https:\/\/www.planetsolar.org\/wp-content\/uploads\/2025\/02\/planetsolar-reworked-1024x787.png 1024w, https:\/\/www.planetsolar.org\/wp-content\/uploads\/2025\/02\/planetsolar-reworked-768x590.png 768w, https:\/\/www.planetsolar.org\/wp-content\/uploads\/2025\/02\/planetsolar-reworked-1536x1181.png 1536w\" sizes=\"(max-width: 1920px) 100vw, 1920px\" alt=\"\" \t\tclass=\"so-widget-image\"\/>\n\t<\/div>\n\n<\/div><\/div><\/div><\/div><\/div><\/div><div id=\"pg-8362-4\"  class=\"panel-grid panel-has-style\" ><div class=\"siteorigin-panels-stretch panel-row-style panel-row-style-for-8362-4\" id=\"start\" data-stretch-type=\"full\" ><div id=\"pgc-8362-4-0\"  class=\"panel-grid-cell panel-grid-cell-mobile-last\" ><div id=\"panel-8362-4-0-0\" class=\"so-panel widget widget_sow-headline panel-first-child panel-last-child\" data-index=\"6\" ><div class=\"panel-widget-style panel-widget-style-for-8362-4-0-0\" ><div\n\t\t\t\n\t\t\tclass=\"so-widget-sow-headline so-widget-sow-headline-default-c551eea6d21c-8362 so-widget-fittext-wrapper\"\n\t\t\t data-fit-text-compressor=\"0.85\"\n\t\t><div class=\"sow-headline-container \">\n\t\t\t\t\t\t\t<h2 class=\"sow-headline\">\n\t\t\t\t\t\tTechnische Aspekte\t\t\t\t\t\t<\/h2>\n\t\t\t\t\t\t<\/div>\n<\/div><\/div><\/div><\/div><div id=\"pgc-8362-4-1\"  class=\"panel-grid-cell panel-grid-cell-empty\" ><\/div><\/div><\/div><div id=\"pg-8362-5\"  class=\"panel-grid panel-has-style\" ><div class=\"fps-bigger fps-data panel-row-style panel-row-style-for-8362-5\" ><div id=\"pgc-8362-5-0\"  class=\"panel-grid-cell\" ><div id=\"panel-8362-5-0-0\" class=\"so-panel widget widget_sow-editor panel-first-child panel-last-child\" data-index=\"7\" ><div\n\t\t\t\n\t\t\tclass=\"so-widget-sow-editor so-widget-sow-editor-base\"\n\t\t\t\n\t\t>\n<div class=\"siteorigin-widget-tinymce textwidget\">\n\t<dl>\n<div>\n<dt>L\u00e4nge<\/dt>\n<dd>31 m<\/dd>\n<\/div>\n<div>\n<dt>L\u00e4nge (mit \"Trimmklappen\")<\/dt>\n<dd>35 m<\/dd>\n<\/div>\n<div>\n<dt>Breite<\/dt>\n<dd>16 m<\/dd>\n<\/div>\n<div>\n<dt>Breite (mit \"Trimmklappen\")<\/dt>\n<dd>26 m<\/dd>\n<\/div>\n<div>\n<dt>Leergewicht<\/dt>\n<dd>89 t<\/dd>\n<\/div>\n<div>\n<dt>H\u00f6he (\u00fcber die Wasserstandslinie)<\/dt>\n<dd>6.5 m<\/dd>\n<\/div>\n<div>\n<dt>Gesamtfl\u00e4che der Solarzellen<\/dt>\n<dd>536.65 m\u00b2<\/dd>\n<\/div>\n<div>\n<dt>Anzahl Solarmodule<\/dt>\n<dd>825<\/dd>\n<\/div>\n<div>\n<dt>Solarzellen<\/dt>\n<dd>38'000<\/dd>\n<\/div>\n<\/dl>\n<\/div>\n<\/div><\/div><\/div><div id=\"pgc-8362-5-1\"  class=\"panel-grid-cell\" ><div id=\"panel-8362-5-1-0\" class=\"so-panel widget widget_sow-editor panel-first-child panel-last-child\" data-index=\"8\" ><div\n\t\t\t\n\t\t\tclass=\"so-widget-sow-editor so-widget-sow-editor-base\"\n\t\t\t\n\t\t>\n<div class=\"siteorigin-widget-tinymce textwidget\">\n\t<dl>\n<div>\n<dt>Leistung der Solarzellen<\/dt>\n<dd>22.6%<\/dd>\n<\/p><\/div>\n<div>\n<dt>Gesamtgewicht der Li-Ionen-Akkus<\/dt>\n<dd>12 t<\/dd>\n<\/p><\/div>\n<div>\n<dt>Autonomie ohne Sonneneinstrahlung<\/dt>\n<dd>3 Tage<\/dd>\n<\/p><\/div>\n<div>\n<dt>Reisegeschwindigkeit<\/dt>\n<dd>5 Knoten<\/dd>\n<\/p><\/div>\n<div>\n<dt>H\u00f6chstgeschwindigkeit<\/dt>\n<dd>9 Knoten<\/dd>\n<\/p><\/div>\n<div>\n<dt>Maximale Motorleistung<\/dt>\n<dd>120 kW<\/dd>\n<\/p><\/div>\n<div>\n<dt>Leistung bei Reisegeschwindigkeit<\/dt>\n<dd>20 kW<\/dd>\n<\/p><\/div>\n<div>\n<dt>Spitzenleistung<\/dt>\n<dd>93.5 kW<\/dd>\n<\/p><\/div>\n<\/dl>\n<\/div>\n<\/div><\/div><\/div><\/div><\/div><div id=\"pg-8362-6\"  class=\"panel-grid panel-has-style\" ><div class=\"siteorigin-panels-stretch panel-row-style panel-row-style-for-8362-6\" id=\"start\" data-stretch-type=\"full\" ><div id=\"pgc-8362-6-0\"  class=\"panel-grid-cell panel-grid-cell-mobile-last\" ><div id=\"panel-8362-6-0-0\" class=\"so-panel widget widget_sow-headline panel-first-child panel-last-child\" data-index=\"9\" ><div class=\"panel-widget-style panel-widget-style-for-8362-6-0-0\" ><div\n\t\t\t\n\t\t\tclass=\"so-widget-sow-headline so-widget-sow-headline-default-7bc68d8e3e53-8362 so-widget-fittext-wrapper\"\n\t\t\t data-fit-text-compressor=\"0.85\"\n\t\t><div class=\"sow-headline-container \">\n\t\t\t\t\t\t\t<h2 class=\"sow-headline\">\n\t\t\t\t\t\tEingeleitete Entwicklungen\t\t\t\t\t\t<\/h2>\n\t\t\t\t\t\t\t\t\t\t\t\t<p class=\"sow-sub-headline\">\n\t\t\t\t\t\tDank einer Zusammenarbeit mit der Ingenieurschule von Yverdon-les-Bains (Schweiz), MeteoFrance und dem franz\u00f6sischen Unternehmen Adrena erg\u00e4nzt eine Software, die die beste Solarroute simuliert, das Navigationssystem von PlanetSolar.\t\t\t\t\t\t<\/p>\n\t\t\t\t\t\t<\/div>\n<\/div><\/div><\/div><\/div><div id=\"pgc-8362-6-1\"  class=\"panel-grid-cell panel-grid-cell-empty\" ><\/div><\/div><\/div><div id=\"pg-8362-7\"  class=\"panel-grid panel-has-style\" ><div class=\"fps-bigger fps-data panel-row-style panel-row-style-for-8362-7\" ><div id=\"pgc-8362-7-0\"  class=\"panel-grid-cell\" ><div id=\"panel-8362-7-0-0\" class=\"so-panel widget widget_sow-editor panel-first-child panel-last-child\" data-index=\"10\" ><div\n\t\t\t\n\t\t\tclass=\"so-widget-sow-editor so-widget-sow-editor-base\"\n\t\t\t\n\t\t>\n<div class=\"siteorigin-widget-tinymce textwidget\">\n\t<p>Heute wird diese Software von zahlreichen Frachtschiffen und Seglern genutzt, insbesondere bei der Vend\u00e9e Globe, da sie es erm\u00f6glicht, unter Ber\u00fccksichtigung aller Eigenschaften des Bootes und aller Wetterparameter die beste Route zu simulieren.<\/p>\n<\/div>\n<\/div><\/div><\/div><div id=\"pgc-8362-7-1\"  class=\"panel-grid-cell\" ><div id=\"panel-8362-7-1-0\" class=\"so-panel widget widget_sow-image panel-first-child panel-last-child\" data-index=\"11\" ><div\n\t\t\t\n\t\t\tclass=\"so-widget-sow-image so-widget-sow-image-default-8b5b6f678277-8362\"\n\t\t\t data-overlay-enabled=\"1\" data-overlay-settings=\"{&quot;enabled_for_widgets&quot;:[&quot;sow-image&quot;,&quot;sow-image-grid&quot;,&quot;sow-simple-masonry&quot;],&quot;theme&quot;:&quot;&quot;,&quot;show_delay&quot;:300,&quot;overlay_color&quot;:&quot;#000000&quot;,&quot;overlay_opacity&quot;:0.8,&quot;overlay_position&quot;:&quot;bottom&quot;,&quot;overlay_size&quot;:0.3,&quot;desktop_show_trigger&quot;:&quot;hover&quot;,&quot;touch_show_trigger&quot;:&quot;touch&quot;,&quot;responsive_breakpoint&quot;:&quot;1024px&quot;,&quot;responsive_breakpoint_unit&quot;:&quot;px&quot;,&quot;overlay_animation&quot;:&quot;fade&quot;,&quot;overlay_animation_onscreen&quot;:false,&quot;font_family&quot;:&quot;&quot;,&quot;text_size&quot;:&quot;15px&quot;,&quot;text_size_unit&quot;:&quot;px&quot;,&quot;text_color&quot;:&quot;#fff&quot;,&quot;text_padding&quot;:&quot;22px 22px 22px 22px&quot;,&quot;text_position&quot;:&quot;middle&quot;,&quot;text_align&quot;:&quot;left&quot;,&quot;text_animation&quot;:&quot;&quot;}\"\n\t\t>\n<div class=\"sow-image-container\">\n\t\t<img \n\tsrc=\"https:\/\/www.planetsolar.org\/wp-content\/uploads\/2025\/02\/adrena-pro-regate-inshore-pro-01.png\" width=\"1129\" height=\"615\" srcset=\"https:\/\/www.planetsolar.org\/wp-content\/uploads\/2025\/02\/adrena-pro-regate-inshore-pro-01.png 1129w, https:\/\/www.planetsolar.org\/wp-content\/uploads\/2025\/02\/adrena-pro-regate-inshore-pro-01-300x163.png 300w, https:\/\/www.planetsolar.org\/wp-content\/uploads\/2025\/02\/adrena-pro-regate-inshore-pro-01-1024x558.png 1024w, https:\/\/www.planetsolar.org\/wp-content\/uploads\/2025\/02\/adrena-pro-regate-inshore-pro-01-768x418.png 768w\" sizes=\"(max-width: 1129px) 100vw, 1129px\" alt=\"\" \t\tclass=\"so-widget-image\"\/>\n\t<\/div>\n\n<\/div><\/div><\/div><\/div><\/div><\/div>","protected":false},"excerpt":{"rendered":"<p>Planetarische Premiere Das Boot Das Team Interaktive Karte Logbuch Videos Medien<\/p>\n","protected":false},"author":1,"featured_media":0,"parent":7971,"menu_order":0,"comment_status":"closed","ping_status":"closed","template":"","meta":{"_acf_changed":false,"footnotes":""},"class_list":["post-8362","page","type-page","status-publish","hentry","post"],"acf":[],"_links":{"self":[{"href":"https:\/\/www.planetsolar.org\/de\/wp-json\/wp\/v2\/pages\/8362","targetHints":{"allow":["GET"]}}],"collection":[{"href":"https:\/\/www.planetsolar.org\/de\/wp-json\/wp\/v2\/pages"}],"about":[{"href":"https:\/\/www.planetsolar.org\/de\/wp-json\/wp\/v2\/types\/page"}],"author":[{"embeddable":true,"href":"https:\/\/www.planetsolar.org\/de\/wp-json\/wp\/v2\/users\/1"}],"replies":[{"embeddable":true,"href":"https:\/\/www.planetsolar.org\/de\/wp-json\/wp\/v2\/comments?post=8362"}],"version-history":[{"count":7,"href":"https:\/\/www.planetsolar.org\/de\/wp-json\/wp\/v2\/pages\/8362\/revisions"}],"predecessor-version":[{"id":8449,"href":"https:\/\/www.planetsolar.org\/de\/wp-json\/wp\/v2\/pages\/8362\/revisions\/8449"}],"up":[{"embeddable":true,"href":"https:\/\/www.planetsolar.org\/de\/wp-json\/wp\/v2\/pages\/7971"}],"wp:attachment":[{"href":"https:\/\/www.planetsolar.org\/de\/wp-json\/wp\/v2\/media?parent=8362"}],"curies":[{"name":"wp","href":"https:\/\/api.w.org\/{rel}","templated":true}]}}