{"id":8177,"date":"2026-03-02T14:25:23","date_gmt":"2026-03-02T13:25:23","guid":{"rendered":"https:\/\/www.planetsolar.org\/startseite\/"},"modified":"2026-03-02T14:29:17","modified_gmt":"2026-03-02T13:29:17","slug":"startseite","status":"publish","type":"page","link":"https:\/\/www.planetsolar.org\/de\/","title":{"rendered":"Startseite"},"content":{"rendered":"<div id=\"pl-8177\"  class=\"panel-layout\" ><div id=\"pg-8177-0\"  class=\"panel-grid panel-has-style\" ><div class=\"fps-top-banner siteorigin-panels-stretch panel-row-style panel-row-style-for-8177-0\" data-stretch-type=\"full-width-stretch\" ><div id=\"pgc-8177-0-0\"  class=\"panel-grid-cell\" ><div id=\"panel-8177-0-0-0\" class=\"so-panel widget widget_sow-hero panel-first-child panel-last-child\" data-index=\"0\" ><div\n\t\t\t\n\t\t\tclass=\"so-widget-sow-hero so-widget-sow-hero-default-0e2938eb93d5-8177 so-widget-fittext-wrapper\"\n\t\t\t data-fit-text-compressor=\"0.75\"\n\t\t>\t\t\t\t<div class=\"sow-slider-base\" style=\"display: none\" tabindex=\"0\">\n\t\t\t\t\t<ul\n\t\t\t\t\tclass=\"sow-slider-images\"\n\t\t\t\t\tdata-settings=\"{&quot;pagination&quot;:true,&quot;speed&quot;:800,&quot;timeout&quot;:8000,&quot;paused&quot;:false,&quot;pause_on_hover&quot;:false,&quot;swipe&quot;:&quot;&quot;,&quot;nav_always_show_desktop&quot;:&quot;&quot;,&quot;nav_always_show_mobile&quot;:&quot;&quot;,&quot;breakpoint&quot;:&quot;780px&quot;,&quot;unmute&quot;:false,&quot;anchor&quot;:null}\"\n\t\t\t\t\tstyle=\"min-height: 881px\"\t\t\t\t\tdata-anchor-id=\"\"\n\t\t\t\t>\t\t<li class=\"sow-slider-image\" style=\"visibility: visible;;background-color: #0073ab\" >\n\t\t\t\t\t<div class=\"sow-slider-image-container\">\n\t\t\t<div class=\"sow-slider-image-wrapper\">\n\t\t\t\t<h2>Die Stiftung PlanetSolar setzt sich f\u00fcr einen gr\u00fcneren Himmel ein!<\/h2><br><p style=\"text-align: center\">\r\n<\/p><div class=\"fps-bottom-waves\">&nbsp;<\/div><br>\t\t\t<\/div>\n\t\t<\/div>\n\t\t<video class=\"sow-background-element sow-mobile-video_enabled\" autoplay loop style=\"opacity: 0.74\" muted playsinline><source src=\"https:\/\/www.planetsolar.org\/wp-content\/uploads\/2025\/01\/fps-bgnd-video.mp4\" type=\"video\/mp4\"><\/video>\t\t<\/li>\n\t\t<\/ul>\t\t\t\t<ol class=\"sow-slider-pagination\">\n\t\t\t\t\t\t\t\t\t\t\t<li><a href=\"#\" data-goto=\"0\" aria-label=\"Display slide 1\"><\/a><\/li>\n\t\t\t\t\t\t\t\t\t<\/ol>\n\n\t\t\t\t<div class=\"sow-slide-nav sow-slide-nav-next\">\n\t\t\t\t\t<a href=\"#\" data-goto=\"next\" aria-label=\"Next slide\" data-action=\"next\">\n\t\t\t\t\t\t<em class=\"sow-sld-icon-thin-right\"><\/em>\n\t\t\t\t\t<\/a>\n\t\t\t\t<\/div>\n\n\t\t\t\t<div class=\"sow-slide-nav sow-slide-nav-prev\">\n\t\t\t\t\t<a href=\"#\" data-goto=\"previous\" aria-label=\"Previous slide\" data-action=\"prev\">\n\t\t\t\t\t\t<em class=\"sow-sld-icon-thin-left\"><\/em>\n\t\t\t\t\t<\/a>\n\t\t\t\t<\/div>\n\t\t\t\t<\/div><\/div><\/div><\/div><\/div><\/div><div id=\"pg-8177-1\"  class=\"panel-grid panel-has-style\" ><div class=\"siteorigin-panels-stretch panel-row-style panel-row-style-for-8177-1\" id=\"start\" data-stretch-type=\"full\" ><div id=\"pgc-8177-1-0\"  class=\"panel-grid-cell panel-grid-cell-mobile-last\" ><div id=\"panel-8177-1-0-0\" class=\"so-panel widget widget_sow-headline panel-first-child panel-last-child\" data-index=\"1\" ><div class=\"panel-widget-style panel-widget-style-for-8177-1-0-0\" ><div\n\t\t\t\n\t\t\tclass=\"so-widget-sow-headline so-widget-sow-headline-default-47967995dcfa-8177 so-widget-fittext-wrapper\"\n\t\t\t data-fit-text-compressor=\"0.85\"\n\t\t><div class=\"sow-headline-container \">\n\t\t\t\t\t\t\t<h2 class=\"sow-headline\">\n\t\t\t\t\t\tDie Stiftung PlanetSolar erkundet und f\u00f6rdert nachhaltige L\u00f6sungen, um unseren Planeten und unsere Atmosph\u00e4re zu sch\u00fctzen.\t\t\t\t\t\t<\/h2>\n\t\t\t\t\t\t\t\t\t\t\t\t<p class=\"sow-sub-headline\">\n\t\t\t\t\t\tSie sensibilisiert das Publikum und inspiriert die j\u00fcngste Generation, sich f\u00fcr eine respektvolle Umwelt in der Zukunft einzusetzen, dank innovativer Initiativen und Bildung.\t\t\t\t\t\t<\/p>\n\t\t\t\t\t\t<\/div>\n<\/div><\/div><\/div><\/div><div id=\"pgc-8177-1-1\"  class=\"panel-grid-cell panel-grid-cell-empty\" ><\/div><\/div><\/div><div id=\"pg-8177-2\"  class=\"panel-grid panel-has-style\" ><div class=\"siteorigin-panels-stretch panel-row-style panel-row-style-for-8177-2\" data-stretch-type=\"full-width-stretch\" ><div id=\"pgc-8177-2-0\"  class=\"panel-grid-cell\" ><div id=\"panel-8177-2-0-0\" class=\"so-panel widget widget_sow-headline panel-first-child\" data-index=\"2\" ><div\n\t\t\t\n\t\t\tclass=\"so-widget-sow-headline so-widget-sow-headline-default-b4ec3c59eb31-8177\"\n\t\t\t\n\t\t><div class=\"sow-headline-container \">\n\t\t\t\t\t\t\t<h2 class=\"sow-headline\">\n\t\t\t\t\t\t\t\t\t\t\t\t\t<a href=\"https:\/\/www.planetsolar.org\/missions\/exploration\/\" >\n\t\t\t\t\t\t\t\tForschung &amp; Entdeckung<\/a>\t\t\t\t\t\t<\/h2>\n\t\t\t\t\t\t\t\t\t\t\t<div class=\"decoration\">\n\t\t\t\t\t\t<div class=\"decoration-inside\"><\/div>\n\t\t\t\t\t<\/div>\n\t\t\t\t\t<\/div>\n<\/div><\/div><div id=\"panel-8177-2-0-1\" class=\"so-panel widget widget_sow-image panel-last-child\" data-index=\"3\" ><div\n\t\t\t\n\t\t\tclass=\"so-widget-sow-image so-widget-sow-image-default-6ec9e3772f75-8177\"\n\t\t\t\n\t\t>\n<div class=\"sow-image-container\">\n\t\t\t<a href=\"https:\/\/www.planetsolar.org\/missions\/exploration\/\"\n\t\t\t\t\t>\n\t\t\t<img \n\tsrc=\"https:\/\/www.planetsolar.org\/wp-content\/uploads\/2025\/01\/exploration.jpg\" width=\"2560\" height=\"1761\" srcset=\"https:\/\/www.planetsolar.org\/wp-content\/uploads\/2025\/01\/exploration.jpg 2560w, https:\/\/www.planetsolar.org\/wp-content\/uploads\/2025\/01\/exploration-300x206.jpg 300w, https:\/\/www.planetsolar.org\/wp-content\/uploads\/2025\/01\/exploration-1024x704.jpg 1024w, https:\/\/www.planetsolar.org\/wp-content\/uploads\/2025\/01\/exploration-768x528.jpg 768w, https:\/\/www.planetsolar.org\/wp-content\/uploads\/2025\/01\/exploration-1536x1057.jpg 1536w, https:\/\/www.planetsolar.org\/wp-content\/uploads\/2025\/01\/exploration-2048x1409.jpg 2048w\" sizes=\"(max-width: 2560px) 100vw, 2560px\" title=\"AppleMark\" alt=\"\" \t\tclass=\"so-widget-image\"\/>\n\t\t\t<\/a><\/div>\n\n<\/div><\/div><\/div><div id=\"pgc-8177-2-1\"  class=\"panel-grid-cell\" ><div id=\"panel-8177-2-1-0\" class=\"so-panel widget widget_sow-headline panel-first-child\" data-index=\"4\" ><div\n\t\t\t\n\t\t\tclass=\"so-widget-sow-headline so-widget-sow-headline-default-b4ec3c59eb31-8177\"\n\t\t\t\n\t\t><div class=\"sow-headline-container \">\n\t\t\t\t\t\t\t<h2 class=\"sow-headline\">\n\t\t\t\t\t\t\t\t\t\t\t\t\t<a href=\"https:\/\/www.planetsolar.org\/missions\/entraide\/\" >\n\t\t\t\t\t\t\t\tSolidarit\u00e4t<\/a>\t\t\t\t\t\t<\/h2>\n\t\t\t\t\t\t\t\t\t\t\t<div class=\"decoration\">\n\t\t\t\t\t\t<div class=\"decoration-inside\"><\/div>\n\t\t\t\t\t<\/div>\n\t\t\t\t\t<\/div>\n<\/div><\/div><div id=\"panel-8177-2-1-1\" class=\"so-panel widget widget_sow-image panel-last-child\" data-index=\"5\" ><div\n\t\t\t\n\t\t\tclass=\"so-widget-sow-image so-widget-sow-image-default-6ec9e3772f75-8177\"\n\t\t\t\n\t\t>\n<div class=\"sow-image-container\">\n\t\t\t<a href=\"https:\/\/www.planetsolar.org\/missions\/entraide\/\"\n\t\t\t\t\t>\n\t\t\t<img \n\tsrc=\"https:\/\/www.planetsolar.org\/wp-content\/uploads\/2025\/01\/entraide.jpg\" width=\"1522\" height=\"1047\" srcset=\"https:\/\/www.planetsolar.org\/wp-content\/uploads\/2025\/01\/entraide.jpg 1522w, https:\/\/www.planetsolar.org\/wp-content\/uploads\/2025\/01\/entraide-300x206.jpg 300w, https:\/\/www.planetsolar.org\/wp-content\/uploads\/2025\/01\/entraide-1024x704.jpg 1024w, https:\/\/www.planetsolar.org\/wp-content\/uploads\/2025\/01\/entraide-768x528.jpg 768w\" sizes=\"(max-width: 1522px) 100vw, 1522px\" alt=\"\" \t\tclass=\"so-widget-image\"\/>\n\t\t\t<\/a><\/div>\n\n<\/div><\/div><\/div><div id=\"pgc-8177-2-2\"  class=\"panel-grid-cell\" ><div id=\"panel-8177-2-2-0\" class=\"so-panel widget widget_sow-headline panel-first-child\" data-index=\"6\" ><div\n\t\t\t\n\t\t\tclass=\"so-widget-sow-headline so-widget-sow-headline-default-b4ec3c59eb31-8177\"\n\t\t\t\n\t\t><div class=\"sow-headline-container \">\n\t\t\t\t\t\t\t<h2 class=\"sow-headline\">\n\t\t\t\t\t\t\t\t\t\t\t\t\t<a href=\"https:\/\/www.planetsolar.org\/missions\/heritage\/\" >\n\t\t\t\t\t\t\t\tVerm\u00e4chtnis<\/a>\t\t\t\t\t\t<\/h2>\n\t\t\t\t\t\t\t\t\t\t\t<div class=\"decoration\">\n\t\t\t\t\t\t<div class=\"decoration-inside\"><\/div>\n\t\t\t\t\t<\/div>\n\t\t\t\t\t<\/div>\n<\/div><\/div><div id=\"panel-8177-2-2-1\" class=\"so-panel widget widget_sow-image panel-last-child\" data-index=\"7\" ><div\n\t\t\t\n\t\t\tclass=\"so-widget-sow-image so-widget-sow-image-default-6ec9e3772f75-8177\"\n\t\t\t\n\t\t>\n<div class=\"sow-image-container\">\n\t\t\t<a href=\"https:\/\/www.planetsolar.org\/missions\/heritage\/\"\n\t\t\t\t\t>\n\t\t\t<img \n\tsrc=\"https:\/\/www.planetsolar.org\/wp-content\/uploads\/2018\/05\/gp1319_24a.jpg\" width=\"3000\" height=\"2064\" srcset=\"https:\/\/www.planetsolar.org\/wp-content\/uploads\/2018\/05\/gp1319_24a.jpg 3000w, https:\/\/www.planetsolar.org\/wp-content\/uploads\/2018\/05\/gp1319_24a-300x206.jpg 300w, https:\/\/www.planetsolar.org\/wp-content\/uploads\/2018\/05\/gp1319_24a-768x528.jpg 768w, https:\/\/www.planetsolar.org\/wp-content\/uploads\/2018\/05\/gp1319_24a-1024x705.jpg 1024w\" sizes=\"(max-width: 3000px) 100vw, 3000px\" title=\"Gossamer Penguin\" alt=\"\" \t\tclass=\"so-widget-image\"\/>\n\t\t\t<\/a><\/div>\n\n<\/div><\/div><\/div><\/div><\/div><div id=\"pg-8177-3\"  class=\"panel-grid panel-has-style\" ><div class=\"hero-fix siteorigin-panels-stretch panel-row-style panel-row-style-for-8177-3\" data-stretch-type=\"full\" ><div id=\"pgc-8177-3-0\"  class=\"panel-grid-cell\" ><div id=\"panel-8177-3-0-0\" class=\"so-panel widget widget_sow-post-carousel panel-first-child panel-last-child\" data-index=\"8\" ><div\n\t\t\t\n\t\t\tclass=\"so-widget-sow-post-carousel so-widget-sow-post-carousel-base-1742f5e0a1d5-8177\"\n\t\t\t\n\t\t>\t<div\n\t\tclass=\"sow-post-carousel-wrapper sow-post-carousel-theme-base\"\n\t\tstyle=\"overflow: hidden; max-width: 100%; min-height: 182px\"\n\t>\n\t\t<div class=\"sow-carousel-title has-title\">\n\t<h3 class=\"widget-title\">Letzte Neuigkeiten der Stiftung<\/h3>\t\t<div class=\"sow-carousel-navigation \">\n\t\t\t\t\t\t<a href=\"#\" class=\"sow-carousel-next\" title=\"Next\" aria-label=\"Next Posts\" role=\"button\"><\/a>\n\t\t\t\t\t\t<a href=\"#\" class=\"sow-carousel-previous\" title=\"Previous\" aria-label=\"Previous Posts\" role=\"button\"><\/a>\n\t\t\t\t\t<\/div>\n\t<\/div>\n\n<div class=\"sow-carousel-container \">\n\t\t<div class=\"sow-carousel-wrapper\"\n\t\tdata-dir=\"ltr\"\n\t\tstyle=\"opacity: 0;\"\n\t\tdata-widget=\"post\" data-fetching=\"false\" data-page=\"1\" data-ajax-url=\"https:\/\/www.planetsolar.org\/wp-admin\/admin-ajax.php?_widgets_nonce=1f8b0f9efb\" data-item_count=\"75\" data-carousel_settings=\"{&quot;loop&quot;:true,&quot;animation&quot;:&quot;ease&quot;,&quot;animation_speed&quot;:400,&quot;autoplay&quot;:&quot;&quot;,&quot;pauseOnHover&quot;:&quot;&quot;,&quot;autoplaySpeed&quot;:8000,&quot;item_overflow&quot;:true,&quot;autoplay_continuous_scroll&quot;:false}\" data-responsive=\"{&quot;desktop_slides_to_scroll&quot;:1,&quot;tablet_landscape_breakpoint&quot;:1366,&quot;tablet_landscape_slides_to_scroll&quot;:2,&quot;tablet_portrait_breakpoint&quot;:1025,&quot;tablet_portrait_slides_to_scroll&quot;:2,&quot;mobile_breakpoint&quot;:480,&quot;mobile_slides_to_scroll&quot;:1}\" data-variable_width=\"true\" \t>\n\t\t<div\n\t\t\tclass=\"sow-carousel-items\"\n\t\t\t\t\t>\n\t\t\t\t<div class=\"sow-carousel-item\" tabindex=\"-1\" style=\"float: left;\">\n\t\t<div class=\"sow-carousel-thumbnail\">\n\t\t\t\t\t\t\t<a\n\t\t\t\t\thref=\"https:\/\/www.planetsolar.org\/de\/2026\/02\/27\/revue-de-presse-2025-a-decouvrir-maintenant\/\"\n\t\t\t\t\t\t\t\t\t\tstyle=\"background-image: url( https:\/\/www.planetsolar.org\/wp-content\/uploads\/2026\/02\/Revue-de-Presse-2025-272x182.png )\"\n\t\t\t\t\taria-labelledby=\"sow-carousel-id-8146\"\n\t\t\t\t\ttabindex=\"-1\"\n\t\t\t\t>\n\t\t\t\t\t<span class=\"overlay\"><\/span>\n\t\t\t\t<\/a>\n\t\t\t\t\t<\/div>\n\t\t<h3 class=\"sow-carousel-item-title\">\n\t\t\t<a\n\t\t\t\thref=\"https:\/\/www.planetsolar.org\/de\/2026\/02\/27\/revue-de-presse-2025-a-decouvrir-maintenant\/\"\n\t\t\t\tid=\"sow-carousel-id-8146\"\n\t\t\t\t\t\t\t\ttabindex=\"-1\"\n\t\t\t>\n\n\t\t\t\tRevue de Presse 2025 : \u00c0 d\u00e9couvrir maintenant\t\t\t<\/a>\n\t\t<\/h3>\n\t<\/div>\n\t\t<div class=\"sow-carousel-item\" tabindex=\"-1\" style=\"float: left;\">\n\t\t<div class=\"sow-carousel-thumbnail\">\n\t\t\t\t\t\t\t<a\n\t\t\t\t\thref=\"https:\/\/www.planetsolar.org\/de\/2025\/12\/23\/un-noel-solaire-avec-la-fondation-planetsolar\/\"\n\t\t\t\t\t\t\t\t\t\tstyle=\"background-image: url( https:\/\/www.planetsolar.org\/wp-content\/uploads\/2025\/12\/signal-2025-12-31-172450_002-272x182.jpeg )\"\n\t\t\t\t\taria-labelledby=\"sow-carousel-id-7937\"\n\t\t\t\t\ttabindex=\"-1\"\n\t\t\t\t>\n\t\t\t\t\t<span class=\"overlay\"><\/span>\n\t\t\t\t<\/a>\n\t\t\t\t\t<\/div>\n\t\t<h3 class=\"sow-carousel-item-title\">\n\t\t\t<a\n\t\t\t\thref=\"https:\/\/www.planetsolar.org\/de\/2025\/12\/23\/un-noel-solaire-avec-la-fondation-planetsolar\/\"\n\t\t\t\tid=\"sow-carousel-id-7937\"\n\t\t\t\t\t\t\t\ttabindex=\"-1\"\n\t\t\t>\n\n\t\t\t\tUn No\u00ebl solaire avec la Fondation PlanetSolar\t\t\t<\/a>\n\t\t<\/h3>\n\t<\/div>\n\t\t<div class=\"sow-carousel-item\" tabindex=\"-1\" style=\"float: left;\">\n\t\t<div class=\"sow-carousel-thumbnail\">\n\t\t\t\t\t\t\t<a\n\t\t\t\t\thref=\"https:\/\/www.planetsolar.org\/de\/2025\/10\/20\/lac-titicaca-missions-accomplies\/\"\n\t\t\t\t\t\t\t\t\t\tstyle=\"background-image: url( https:\/\/www.planetsolar.org\/wp-content\/uploads\/2025\/10\/rencontre_habitants-copie-272x182.jpg )\"\n\t\t\t\t\taria-labelledby=\"sow-carousel-id-7801\"\n\t\t\t\t\ttabindex=\"-1\"\n\t\t\t\t>\n\t\t\t\t\t<span class=\"overlay\"><\/span>\n\t\t\t\t<\/a>\n\t\t\t\t\t<\/div>\n\t\t<h3 class=\"sow-carousel-item-title\">\n\t\t\t<a\n\t\t\t\thref=\"https:\/\/www.planetsolar.org\/de\/2025\/10\/20\/lac-titicaca-missions-accomplies\/\"\n\t\t\t\tid=\"sow-carousel-id-7801\"\n\t\t\t\t\t\t\t\ttabindex=\"-1\"\n\t\t\t>\n\n\t\t\t\tLac Titicaca\u00a0: missions accomplies !\t\t\t<\/a>\n\t\t<\/h3>\n\t<\/div>\n\t\t<div class=\"sow-carousel-item\" tabindex=\"-1\" style=\"float: left;\">\n\t\t<div class=\"sow-carousel-thumbnail\">\n\t\t\t\t\t\t\t<a\n\t\t\t\t\thref=\"https:\/\/www.planetsolar.org\/de\/2025\/10\/13\/tour-solaire-du-lac-titicaca-presque-boucle\/\"\n\t\t\t\t\t\t\t\t\t\tstyle=\"background-image: url( https:\/\/www.planetsolar.org\/wp-content\/uploads\/2025\/10\/IMG20251010131829-272x182.jpg )\"\n\t\t\t\t\taria-labelledby=\"sow-carousel-id-7779\"\n\t\t\t\t\ttabindex=\"-1\"\n\t\t\t\t>\n\t\t\t\t\t<span class=\"overlay\"><\/span>\n\t\t\t\t<\/a>\n\t\t\t\t\t<\/div>\n\t\t<h3 class=\"sow-carousel-item-title\">\n\t\t\t<a\n\t\t\t\thref=\"https:\/\/www.planetsolar.org\/de\/2025\/10\/13\/tour-solaire-du-lac-titicaca-presque-boucle\/\"\n\t\t\t\tid=\"sow-carousel-id-7779\"\n\t\t\t\t\t\t\t\ttabindex=\"-1\"\n\t\t\t>\n\n\t\t\t\tTour solaire du lac Titicaca presque boucl\u00e9\t\t\t<\/a>\n\t\t<\/h3>\n\t<\/div>\n\t\t<div class=\"sow-carousel-item\" tabindex=\"-1\" style=\"float: left;\">\n\t\t<div class=\"sow-carousel-thumbnail\">\n\t\t\t\t\t\t\t<a\n\t\t\t\t\thref=\"https:\/\/www.planetsolar.org\/de\/2025\/10\/06\/lac-titicaca-premiere-mondiale-en-cours\/\"\n\t\t\t\t\t\t\t\t\t\tstyle=\"background-image: url( https:\/\/www.planetsolar.org\/wp-content\/uploads\/2025\/10\/DSC00771-272x182.jpg )\"\n\t\t\t\t\taria-labelledby=\"sow-carousel-id-7759\"\n\t\t\t\t\ttabindex=\"-1\"\n\t\t\t\t>\n\t\t\t\t\t<span class=\"overlay\"><\/span>\n\t\t\t\t<\/a>\n\t\t\t\t\t<\/div>\n\t\t<h3 class=\"sow-carousel-item-title\">\n\t\t\t<a\n\t\t\t\thref=\"https:\/\/www.planetsolar.org\/de\/2025\/10\/06\/lac-titicaca-premiere-mondiale-en-cours\/\"\n\t\t\t\tid=\"sow-carousel-id-7759\"\n\t\t\t\t\t\t\t\ttabindex=\"-1\"\n\t\t\t>\n\n\t\t\t\tLac Titicaca\u00a0: premi\u00e8re mondiale en cours\u00a0!\t\t\t<\/a>\n\t\t<\/h3>\n\t<\/div>\n\t\t<div class=\"sow-carousel-item\" tabindex=\"-1\" style=\"float: left;\">\n\t\t<div class=\"sow-carousel-thumbnail\">\n\t\t\t\t\t\t\t<a\n\t\t\t\t\thref=\"https:\/\/www.planetsolar.org\/de\/2025\/09\/22\/raphael-domjan-nouveau-tintin\/\"\n\t\t\t\t\t\t\t\t\t\tstyle=\"background-image: url( https:\/\/www.planetsolar.org\/wp-content\/uploads\/2025\/09\/aatintin-272x182.jpeg )\"\n\t\t\t\t\taria-labelledby=\"sow-carousel-id-7729\"\n\t\t\t\t\ttabindex=\"-1\"\n\t\t\t\t>\n\t\t\t\t\t<span class=\"overlay\"><\/span>\n\t\t\t\t<\/a>\n\t\t\t\t\t<\/div>\n\t\t<h3 class=\"sow-carousel-item-title\">\n\t\t\t<a\n\t\t\t\thref=\"https:\/\/www.planetsolar.org\/de\/2025\/09\/22\/raphael-domjan-nouveau-tintin\/\"\n\t\t\t\tid=\"sow-carousel-id-7729\"\n\t\t\t\t\t\t\t\ttabindex=\"-1\"\n\t\t\t>\n\n\t\t\t\tRapha\u00ebl Domjan, nouveau Tintin !\t\t\t<\/a>\n\t\t<\/h3>\n\t<\/div>\n\t\t<div class=\"sow-carousel-item\" tabindex=\"-1\" style=\"float: left;\">\n\t\t<div class=\"sow-carousel-thumbnail\">\n\t\t\t\t\t\t\t<a\n\t\t\t\t\thref=\"https:\/\/www.planetsolar.org\/de\/2025\/08\/29\/bravo-a-lequipe-solarstratos-pour-son-vol-a-plus-de-9500-m\/\"\n\t\t\t\t\t\t\t\t\t\tstyle=\"background-image: url( https:\/\/www.planetsolar.org\/wp-content\/uploads\/2025\/08\/yes_poings_leves-1024x634-1-272x182.jpg )\"\n\t\t\t\t\taria-labelledby=\"sow-carousel-id-7715\"\n\t\t\t\t\ttabindex=\"-1\"\n\t\t\t\t>\n\t\t\t\t\t<span class=\"overlay\"><\/span>\n\t\t\t\t<\/a>\n\t\t\t\t\t<\/div>\n\t\t<h3 class=\"sow-carousel-item-title\">\n\t\t\t<a\n\t\t\t\thref=\"https:\/\/www.planetsolar.org\/de\/2025\/08\/29\/bravo-a-lequipe-solarstratos-pour-son-vol-a-plus-de-9500-m\/\"\n\t\t\t\tid=\"sow-carousel-id-7715\"\n\t\t\t\t\t\t\t\ttabindex=\"-1\"\n\t\t\t>\n\n\t\t\t\tBravo \u00e0 l\u2019\u00e9quipe SolarStratos pour son vol \u00e0 plus de 9\u2019500 m !\t\t\t<\/a>\n\t\t<\/h3>\n\t<\/div>\n\t\t<div class=\"sow-carousel-item\" tabindex=\"-1\" style=\"float: left;\">\n\t\t<div class=\"sow-carousel-thumbnail\">\n\t\t\t\t\t\t\t<a\n\t\t\t\t\thref=\"https:\/\/www.planetsolar.org\/de\/2025\/07\/31\/solarstratos-fait-rayonner-le-solaire-au-dessus-des-alpes\/\"\n\t\t\t\t\t\t\t\t\t\tstyle=\"background-image: url( https:\/\/www.planetsolar.org\/wp-content\/uploads\/2025\/08\/vol_preparatoire_cervin_photo_solarstratos-272x182.jpg )\"\n\t\t\t\t\taria-labelledby=\"sow-carousel-id-7709\"\n\t\t\t\t\ttabindex=\"-1\"\n\t\t\t\t>\n\t\t\t\t\t<span class=\"overlay\"><\/span>\n\t\t\t\t<\/a>\n\t\t\t\t\t<\/div>\n\t\t<h3 class=\"sow-carousel-item-title\">\n\t\t\t<a\n\t\t\t\thref=\"https:\/\/www.planetsolar.org\/de\/2025\/07\/31\/solarstratos-fait-rayonner-le-solaire-au-dessus-des-alpes\/\"\n\t\t\t\tid=\"sow-carousel-id-7709\"\n\t\t\t\t\t\t\t\ttabindex=\"-1\"\n\t\t\t>\n\n\t\t\t\tSolarStratos fait rayonner le solaire au-dessus des Alpes\t\t\t<\/a>\n\t\t<\/h3>\n\t<\/div>\n\t\t<div class=\"sow-carousel-item\" tabindex=\"-1\" style=\"float: left;\">\n\t\t<div class=\"sow-carousel-thumbnail\">\n\t\t\t\t\t\t\t<a\n\t\t\t\t\thref=\"https:\/\/www.planetsolar.org\/de\/2025\/06\/26\/spot-tv-naoenergy-le-making-of\/\"\n\t\t\t\t\t\t\t\t\t\tstyle=\"background-image: url( https:\/\/www.planetsolar.org\/wp-content\/uploads\/2025\/06\/naoenergy-makingof-272x182.jpg )\"\n\t\t\t\t\taria-labelledby=\"sow-carousel-id-7690\"\n\t\t\t\t\ttabindex=\"-1\"\n\t\t\t\t>\n\t\t\t\t\t<span class=\"overlay\"><\/span>\n\t\t\t\t<\/a>\n\t\t\t\t\t<\/div>\n\t\t<h3 class=\"sow-carousel-item-title\">\n\t\t\t<a\n\t\t\t\thref=\"https:\/\/www.planetsolar.org\/de\/2025\/06\/26\/spot-tv-naoenergy-le-making-of\/\"\n\t\t\t\tid=\"sow-carousel-id-7690\"\n\t\t\t\t\t\t\t\ttabindex=\"-1\"\n\t\t\t>\n\n\t\t\t\tSpot TV naoenergy : le making-of\t\t\t<\/a>\n\t\t<\/h3>\n\t<\/div>\n\t\t<div class=\"sow-carousel-item\" tabindex=\"-1\" style=\"float: left;\">\n\t\t<div class=\"sow-carousel-thumbnail\">\n\t\t\t\t\t\t\t<a\n\t\t\t\t\thref=\"https:\/\/www.planetsolar.org\/de\/2025\/06\/02\/des-ecoliers-vivent-laventure-planetsolar-ii-le-recit-darcinfo\/\"\n\t\t\t\t\t\t\t\t\t\tstyle=\"background-image: url( https:\/\/www.planetsolar.org\/wp-content\/uploads\/2025\/06\/ecolier_NE-272x182.jpg )\"\n\t\t\t\t\taria-labelledby=\"sow-carousel-id-7680\"\n\t\t\t\t\ttabindex=\"-1\"\n\t\t\t\t>\n\t\t\t\t\t<span class=\"overlay\"><\/span>\n\t\t\t\t<\/a>\n\t\t\t\t\t<\/div>\n\t\t<h3 class=\"sow-carousel-item-title\">\n\t\t\t<a\n\t\t\t\thref=\"https:\/\/www.planetsolar.org\/de\/2025\/06\/02\/des-ecoliers-vivent-laventure-planetsolar-ii-le-recit-darcinfo\/\"\n\t\t\t\tid=\"sow-carousel-id-7680\"\n\t\t\t\t\t\t\t\ttabindex=\"-1\"\n\t\t\t>\n\n\t\t\t\tDes \u00e9coliers vivent l\u2019aventure PlanetSolar II\u00a0: le r\u00e9cit d\u2019Arcinfo\t\t\t<\/a>\n\t\t<\/h3>\n\t<\/div>\n\t\t\t<\/div>\n\t\t\t<\/div>\n\n\t<\/div>\n\t\t<input type=\"hidden\" name=\"instance_hash\" value=\"de3001db\"\/>\n\t<\/div>\n<\/div><\/div><\/div><\/div><\/div><\/div>","protected":false},"excerpt":{"rendered":"<p>Die Stiftung PlanetSolar setzt sich f\u00fcr einen gr\u00fcneren Himmel ein! &nbsp; Die Stiftung PlanetSolar erkundet und f\u00f6rdert nachhaltige L\u00f6sungen, um unseren Planeten und unsere Atmosph\u00e4re zu sch\u00fctzen. Sie sensibilisiert das Publikum und inspiriert die j\u00fcngste Generation, sich f\u00fcr eine respektvolle Umwelt in der Zukunft einzusetzen, dank innovativer Initiativen und Bildung. Forschung &amp; Entdeckung Solidarit\u00e4t Verm\u00e4chtnis [&hellip;]<\/p>\n","protected":false},"author":1,"featured_media":0,"parent":0,"menu_order":100,"comment_status":"closed","ping_status":"closed","template":"","meta":{"_acf_changed":false,"footnotes":""},"class_list":["post-8177","page","type-page","status-publish","hentry","post"],"acf":[],"_links":{"self":[{"href":"https:\/\/www.planetsolar.org\/de\/wp-json\/wp\/v2\/pages\/8177","targetHints":{"allow":["GET"]}}],"collection":[{"href":"https:\/\/www.planetsolar.org\/de\/wp-json\/wp\/v2\/pages"}],"about":[{"href":"https:\/\/www.planetsolar.org\/de\/wp-json\/wp\/v2\/types\/page"}],"author":[{"embeddable":true,"href":"https:\/\/www.planetsolar.org\/de\/wp-json\/wp\/v2\/users\/1"}],"replies":[{"embeddable":true,"href":"https:\/\/www.planetsolar.org\/de\/wp-json\/wp\/v2\/comments?post=8177"}],"version-history":[{"count":1,"href":"https:\/\/www.planetsolar.org\/de\/wp-json\/wp\/v2\/pages\/8177\/revisions"}],"predecessor-version":[{"id":8236,"href":"https:\/\/www.planetsolar.org\/de\/wp-json\/wp\/v2\/pages\/8177\/revisions\/8236"}],"wp:attachment":[{"href":"https:\/\/www.planetsolar.org\/de\/wp-json\/wp\/v2\/media?parent=8177"}],"curies":[{"name":"wp","href":"https:\/\/api.w.org\/{rel}","templated":true}]}}